{"id":131,"date":"2022-09-15T08:29:52","date_gmt":"2022-09-15T08:29:52","guid":{"rendered":"https:\/\/zentrum5.de\/?page_id=131"},"modified":"2022-09-15T10:55:10","modified_gmt":"2022-09-15T10:55:10","slug":"upload","status":"publish","type":"page","link":"https:\/\/zentrum5.de\/?page_id=131","title":{"rendered":"Upload"},"content":{"rendered":"<div class=\"wp-block-image\">\n<figure class=\"alignleft size-thumbnail\"><img decoding=\"async\" loading=\"lazy\" width=\"150\" height=\"150\" src=\"https:\/\/zentrum5.de\/wp-content\/uploads\/2022\/09\/cloud-2044823_640-150x150.png\" alt=\"\" class=\"wp-image-134\" srcset=\"https:\/\/zentrum5.de\/wp-content\/uploads\/2022\/09\/cloud-2044823_640-150x150.png 150w, https:\/\/zentrum5.de\/wp-content\/uploads\/2022\/09\/cloud-2044823_640-300x300.png 300w, https:\/\/zentrum5.de\/wp-content\/uploads\/2022\/09\/cloud-2044823_640.png 640w\" sizes=\"(max-width: 150px) 100vw, 150px\" \/><\/figure><\/div>\n\n\n<p>Hier k\u00f6nnen Dateien hochgeladen werden, die auf dieser Plattform pr\u00e4sentiert und zum kostenlosen Download angeboten werden. Bitte beachte die <a href=\"#a1\">Nutzungsbestimmungen.<\/a> Mediendateien k\u00f6nnen max. 512 MB gro\u00df sein. Es k\u00f6nnen bis zu 10 Dateien hochgeladen werden. Bitte nutze die Gelegenheit, im Beschreibungs-Fenster Hintergrundinfos zu teilen, die Dateien zu beschreiben und Hinweise zur Verwendung zu geben. Danke!<\/p>\n\n\n\n<div style=\"height:36px\" aria-hidden=\"true\" class=\"wp-block-spacer\"><\/div>\n\n\n\n<div class=\"wp-block-contact-form-7-contact-form-selector\">\n<div class=\"wpcf7 no-js\" id=\"wpcf7-f130-o1\" lang=\"de-DE\" dir=\"ltr\">\n<div class=\"screen-reader-response\"><p role=\"status\" aria-live=\"polite\" aria-atomic=\"true\"><\/p> <ul><\/ul><\/div>\n<form action=\"\/index.php?rest_route=%2Fwp%2Fv2%2Fpages%2F131#wpcf7-f130-o1\" method=\"post\" class=\"wpcf7-form init\" aria-label=\"Kontaktformular\" novalidate=\"novalidate\" data-status=\"init\">\n<div style=\"display: none;\">\n<input type=\"hidden\" name=\"_wpcf7\" value=\"130\" \/>\n<input type=\"hidden\" name=\"_wpcf7_version\" value=\"5.7.7\" \/>\n<input type=\"hidden\" name=\"_wpcf7_locale\" value=\"de_DE\" \/>\n<input type=\"hidden\" name=\"_wpcf7_unit_tag\" value=\"wpcf7-f130-o1\" \/>\n<input type=\"hidden\" name=\"_wpcf7_container_post\" value=\"0\" \/>\n<input type=\"hidden\" name=\"_wpcf7_posted_data_hash\" value=\"\" \/>\n<input type=\"hidden\" name=\"upload_dir\" value=\"tmp_uploads\" \/>\n<input type=\"hidden\" name=\"generate_name\" value=\"04-22-26-69e889a479d45\" \/>\n<input type=\"hidden\" name=\"_wpcf7_post_id\" value=\"131\" \/>\n<\/div>\n<p><span class=\"wpcf7-form-control-wrap\" data-name=\"upload-file-153\"><input size=\"40\" class=\"wpcf7-form-control wpcf7-drag-n-drop-file d-none\" aria-required=\"true\" aria-invalid=\"false\" type=\"file\" multiple=\"multiple\" data-name=\"upload-file-153\" data-type=\"jpeg|png|jpg|mov|mpeg|m4v|mp4|mp3|wav|mp2|mus|pdf\" data-limit=\"512000000\" data-id=\"130\" accept=\".jpeg, .png, .jpg, .mov, .mpeg, .m4v, .mp4, .mp3, .wav, .mp2, .mus, .pdf\" \/><\/span>\n<\/p>\n<p><label> Dein Name<br \/>\n<span class=\"wpcf7-form-control-wrap\" data-name=\"your-name\"><input size=\"40\" class=\"wpcf7-form-control wpcf7-text wpcf7-validates-as-required\" aria-required=\"true\" aria-invalid=\"false\" value=\"\" type=\"text\" name=\"your-name\" \/><\/span> <\/label>\n<\/p>\n<p><label> Deine E-Mail-Adresse<br \/>\n<span class=\"wpcf7-form-control-wrap\" data-name=\"your-email\"><input size=\"40\" class=\"wpcf7-form-control wpcf7-text wpcf7-email wpcf7-validates-as-required wpcf7-validates-as-email\" aria-required=\"true\" aria-invalid=\"false\" value=\"\" type=\"email\" name=\"your-email\" \/><\/span> <\/label>\n<\/p>\n<p><label> Titel des Beitrags bzw. Inhalts<br \/>\n<span class=\"wpcf7-form-control-wrap\" data-name=\"your-subject\"><input size=\"40\" class=\"wpcf7-form-control wpcf7-text wpcf7-validates-as-required\" aria-required=\"true\" aria-invalid=\"false\" value=\"\" type=\"text\" name=\"your-subject\" \/><\/span> <\/label>\n<\/p>\n<p><label> Beschreibung \/ Hinweise zur Verwendung \/ Notizen (\u00f6ffentlich)<br \/>\n<span class=\"wpcf7-form-control-wrap\" data-name=\"your-message\"><textarea cols=\"40\" rows=\"10\" class=\"wpcf7-form-control wpcf7-textarea wpcf7-validates-as-required\" aria-required=\"true\" aria-invalid=\"false\" name=\"your-message\"><\/textarea><\/span> <\/label>\n<\/p>\n<p><label> Hinweise an die Redaktion (f\u00fcr den internen Gebrauch - wird nicht ver\u00f6ffentlicht)<br \/>\n<span class=\"wpcf7-form-control-wrap\" data-name=\"text-833\"><input size=\"40\" class=\"wpcf7-form-control wpcf7-text\" aria-invalid=\"false\" value=\"\" type=\"text\" name=\"text-833\" \/><\/span> <\/label>\n<\/p>\n<p><label> Telefonnummer f\u00fcr R\u00fcckfragen (f\u00fcr den internen Gebrauch - wird nicht ver\u00f6ffentlicht)<br \/>\n<span class=\"wpcf7-form-control-wrap\" data-name=\"tel-304\"><input size=\"40\" class=\"wpcf7-form-control wpcf7-text wpcf7-tel wpcf7-validates-as-tel\" aria-invalid=\"false\" value=\"\" type=\"tel\" name=\"tel-304\" \/><\/span> <\/label>\n<\/p>\n<p><label> Workshop-Auswahl (optional)<br \/>\n<span class=\"wpcf7-form-control-wrap\" data-name=\"menu-311\"><select class=\"wpcf7-form-control wpcf7-select\" aria-invalid=\"false\" name=\"menu-311\"><option value=\"ohne\" selected=\"selected\">ohne<\/option><option value=\"Erkl\u00e4rvideos\">Erkl\u00e4rvideos<\/option><option value=\"RadioKinderKirche\">RadioKinderKirche<\/option><option value=\"Gamification\">Gamification<\/option><option value=\"Film ab\">Film ab<\/option><option value=\"H\u00f6rspielboxen\">H\u00f6rspielboxen<\/option><\/select><\/span> <\/label>\n<\/p>\n<p><span class=\"wpcf7-form-control-wrap\" data-name=\"acceptance-284\"><span class=\"wpcf7-form-control wpcf7-acceptance\"><span class=\"wpcf7-list-item\"><label><input type=\"checkbox\" name=\"acceptance-284\" value=\"1\" aria-invalid=\"false\" \/><span class=\"wpcf7-list-item-label\">Erkl\u00e4rung Rechte: Ich besitze die Urheberrechte an den von mir hochgeladenen Dateien. Sie d\u00fcrfen heruntergeladen, gespeichert und verwendet werden gem\u00e4\u00df <a href=#a1>Nutzungsbestimmungen.<\/a><\/span><\/label><\/span><\/span><\/span>\n<\/p>\n<p><span class=\"wpcf7-form-control-wrap\" data-name=\"acceptance-284\"><span class=\"wpcf7-form-control wpcf7-acceptance\"><span class=\"wpcf7-list-item\"><label><input type=\"checkbox\" name=\"acceptance-284\" value=\"1\" aria-invalid=\"false\" \/><span class=\"wpcf7-list-item-label\">Einwilligung: Ich bin damit einverstanden, dass meine Daten gespeichert und verabeitet werden gem\u00e4\u00df <a href=\"https:\/\/zentrum5.de\/?page_id=20\">Datenschutzerkl\u00e4rung.<\/a><\/span><\/label><\/span><\/span><\/span>\n<\/p>\n<p><span class=\"wpcf7-form-control-wrap\" data-name=\"acceptance-509\"><span class=\"wpcf7-form-control wpcf7-acceptance\"><span class=\"wpcf7-list-item\"><label><input type=\"checkbox\" name=\"acceptance-509\" value=\"1\" aria-invalid=\"false\" \/><span class=\"wpcf7-list-item-label\">Ich stimme den <a href=#a1>Nutzungsbestimmungen<\/a> zu.<\/span><\/label><\/span><\/span><\/span>\n<\/p>\n<p><input class=\"wpcf7-form-control has-spinner wpcf7-submit\" type=\"submit\" value=\"Senden\" \/>\n<\/p><p style=\"display: none !important;\"><label>&#916;<textarea name=\"_wpcf7_ak_hp_textarea\" cols=\"45\" rows=\"8\" maxlength=\"100\"><\/textarea><\/label><input type=\"hidden\" id=\"ak_js_1\" name=\"_wpcf7_ak_js\" value=\"34\"\/><script>document.getElementById( \"ak_js_1\" ).setAttribute( \"value\", ( new Date() ).getTime() );<\/script><\/p><div class=\"wpcf7-response-output\" aria-hidden=\"true\"><\/div>\n<\/form>\n<\/div>\n<\/div>\n\n\n\n<span id=\"a1\"><\/span>\n\n\n\n<p><strong>Nutzungsbestimmungen (Stand: 15.9.2022)<\/strong><\/p>\n\n\n\n<p><strong>Upload:<\/strong> Mit dem Upload auf die Austausch-Plattform \u201eZentrum5.de\u201c versichert die Nutzerin bzw. der Nutzer, dass alle Rechte an den Inhalten bei der Nutzerin bzw. dem Nutzer liegen und keine Pers\u00f6nlichkeitsrechte von Dritten durch die Ver\u00f6ffentlichung verletzt werden (Bildnisrecht). Mit dem Upload versichert die Nutzerin bzw. der Nutzer, dass sie bzw. er die Inhalte zur Verf\u00fcgung stellen darf. Mit dem Upload erteilt die Nutzerin bzw. der Nutzer die Erlaubnis, alle Inhalte zum Download zur Verf\u00fcgung zu stellen und entsprechend der Nutzungsbestimmungen zu verwenden. Die Urheberrechte bleiben gewahrt. Alle \u00c4nderungen sind unverz\u00fcglich mitzuteilen an: info@zentrum5.de<\/p>\n\n\n\n<p><strong>Download und Verwendung:<\/strong> Die von Nutzerinnen und Nutzern hochgeladen Inhalte d\u00fcrfen ausschlie\u00dflich im Kontext von kirchlichen Angeboten (Gottesdienst, Fortbildung, Konfi-Zeit, Religionsunterricht, Gemeindearbeit etc.) verwendet werden. Eine kommerzielle Nutzung ist nicht zul\u00e4ssig. Ein Verkauf der Inhalte ist untersagt. Es ist nicht zul\u00e4ssig, die zum Download angebotenen Inhalte in einem sinnentstellten Zusammenhang wiederzugeben. Eine Entstellung jeglicher Art ist nicht zul\u00e4ssig. Alle Inhalte sind urheberrechtlich gesch\u00fctzt.<\/p>\n","protected":false},"excerpt":{"rendered":"<p>Hier k\u00f6nnen Dateien hochgeladen werden, die auf dieser Plattform pr\u00e4sentiert und zum kostenlosen Download angeboten werden. Bitte beachte die Nutzungsbestimmungen. Mediendateien k\u00f6nnen max. 512 MB gro\u00df sein. Es k\u00f6nnen bis zu 10 Dateien hochgeladen werden. Bitte nutze die Gelegenheit, im Beschreibungs-Fenster Hintergrundinfos zu teilen, die Dateien zu beschreiben und Hinweise&#8230; <a class=\"continue-reading-link\" href=\"https:\/\/zentrum5.de\/?page_id=131\">Weiterlesen <span class=\"meta-nav\">&rarr; <\/span><\/a><\/p>\n","protected":false},"author":1,"featured_media":134,"parent":0,"menu_order":0,"comment_status":"closed","ping_status":"closed","template":"","meta":[],"_links":{"self":[{"href":"https:\/\/zentrum5.de\/index.php?rest_route=\/wp\/v2\/pages\/131"}],"collection":[{"href":"https:\/\/zentrum5.de\/index.php?rest_route=\/wp\/v2\/pages"}],"about":[{"href":"https:\/\/zentrum5.de\/index.php?rest_route=\/wp\/v2\/types\/page"}],"author":[{"embeddable":true,"href":"https:\/\/zentrum5.de\/index.php?rest_route=\/wp\/v2\/users\/1"}],"replies":[{"embeddable":true,"href":"https:\/\/zentrum5.de\/index.php?rest_route=%2Fwp%2Fv2%2Fcomments&post=131"}],"version-history":[{"count":22,"href":"https:\/\/zentrum5.de\/index.php?rest_route=\/wp\/v2\/pages\/131\/revisions"}],"predecessor-version":[{"id":156,"href":"https:\/\/zentrum5.de\/index.php?rest_route=\/wp\/v2\/pages\/131\/revisions\/156"}],"wp:featuredmedia":[{"embeddable":true,"href":"https:\/\/zentrum5.de\/index.php?rest_route=\/wp\/v2\/media\/134"}],"wp:attachment":[{"href":"https:\/\/zentrum5.de\/index.php?rest_route=%2Fwp%2Fv2%2Fmedia&parent=131"}],"curies":[{"name":"wp","href":"https:\/\/api.w.org\/{rel}","templated":true}]}}